{"id":16379,"date":"2026-03-30T15:54:08","date_gmt":"2026-03-30T13:54:08","guid":{"rendered":"https:\/\/www.finquescastella.com\/?page_id=16379"},"modified":"2026-04-13T17:21:47","modified_gmt":"2026-04-13T15:21:47","slug":"valora","status":"publish","type":"page","link":"https:\/\/www.finquescastella.com\/es\/valora\/","title":{"rendered":"Valora"},"content":{"rendered":"\t\t<div data-elementor-type=\"wp-page\" data-elementor-id=\"16379\" class=\"elementor elementor-16379\" data-elementor-post-type=\"page\">\n\t\t\t\t\t\t<section class=\"elementor-section elementor-top-section elementor-element elementor-element-7cc1dd2 elementor-section-full_width elementor-section-height-min-height elementor-section-height-default elementor-section-items-middle\" data-id=\"7cc1dd2\" data-element_type=\"section\" data-settings=\"{&quot;background_background&quot;:&quot;classic&quot;}\">\n\t\t\t\t\t\t\t<div class=\"elementor-background-overlay\"><\/div>\n\t\t\t\t\t\t\t<div class=\"elementor-container elementor-column-gap-default\">\n\t\t\t\t\t<div class=\"elementor-column elementor-col-100 elementor-top-column elementor-element elementor-element-4de4904\" data-id=\"4de4904\" data-element_type=\"column\">\n\t\t\t<div class=\"elementor-widget-wrap elementor-element-populated\">\n\t\t\t\t\t\t<div class=\"elementor-element elementor-element-fc6feec elementor-widget elementor-widget-heading\" data-id=\"fc6feec\" data-element_type=\"widget\" data-widget_type=\"heading.default\">\n\t\t\t\t<div class=\"elementor-widget-container\">\n\t\t\t<h2 class=\"elementor-heading-title elementor-size-default\">Valora tu inmueble<\/h2>\t\t<\/div>\n\t\t\t\t<\/div>\n\t\t\t\t\t<\/div>\n\t\t<\/div>\n\t\t\t\t\t<\/div>\n\t\t<\/section>\n\t\t\t\t<section class=\"elementor-section elementor-top-section elementor-element elementor-element-9373eee elementor-section-boxed elementor-section-height-default elementor-section-height-default\" data-id=\"9373eee\" data-element_type=\"section\">\n\t\t\t\t\t\t<div class=\"elementor-container elementor-column-gap-default\">\n\t\t\t\t\t<div class=\"elementor-column elementor-col-100 elementor-top-column elementor-element elementor-element-9dc43d0\" data-id=\"9dc43d0\" data-element_type=\"column\">\n\t\t\t<div class=\"elementor-widget-wrap elementor-element-populated\">\n\t\t\t\t\t\t<div class=\"elementor-element elementor-element-367aff5 elementor-widget elementor-widget-text-editor\" data-id=\"367aff5\" data-element_type=\"widget\" data-widget_type=\"text-editor.default\">\n\t\t\t\t<div class=\"elementor-widget-container\">\n\t\t\t\t\t\t\t<p>Las valoraciones son orientativas, y las valoraciones de alquiler en Catalu\u00f1a, en zonas tensionadas, deber\u00e1n regirse por la nueva ley de vivienda.<\/p><p>Si quieres saber el precio, <a href=\"https:\/\/www.finquescastella.com\/es\/contacto\/\">cont\u00e1ctanos por privado<\/a>.<\/p>\t\t\t\t\t\t<\/div>\n\t\t\t\t<\/div>\n\t\t\t\t<div class=\"elementor-element elementor-element-808d85f elementor-widget elementor-widget-html\" data-id=\"808d85f\" data-element_type=\"widget\" data-widget_type=\"html.default\">\n\t\t\t\t<div class=\"elementor-widget-container\">\n\t\t\t<style> #dv-widget { height: 750px; width: 100%; } <\/style>\n<div id=\"dv-widget\"><\/div>\n<script type=\"text\/javascript\" src=\"https:\/\/app.datavenues.com\/js\/datavenues.js?tkn=21cf32f5-86c3-4e27-9645-d334c5519a5a&target=dv-widget&alt\"><\/script>\t\t<\/div>\n\t\t\t\t<\/div>\n\t\t\t\t\t<\/div>\n\t\t<\/div>\n\t\t\t\t\t<\/div>\n\t\t<\/section>\n\t\t\t\t<\/div>\n\t\t","protected":false},"excerpt":{"rendered":"<p>Valora tu inmueble Las valoraciones son orientativas, y las valoraciones de alquiler en Catalu\u00f1a, en zonas tensionadas, deber\u00e1n regirse por la nueva ley de vivienda. Si quieres saber el precio, cont\u00e1ctanos por privado.<\/p>\n","protected":false},"author":6,"featured_media":0,"parent":0,"menu_order":0,"comment_status":"closed","ping_status":"closed","template":"","meta":{"footnotes":""},"class_list":["post-16379","page","type-page","status-publish","hentry"],"_links":{"self":[{"href":"https:\/\/www.finquescastella.com\/es\/wp-json\/wp\/v2\/pages\/16379"}],"collection":[{"href":"https:\/\/www.finquescastella.com\/es\/wp-json\/wp\/v2\/pages"}],"about":[{"href":"https:\/\/www.finquescastella.com\/es\/wp-json\/wp\/v2\/types\/page"}],"author":[{"embeddable":true,"href":"https:\/\/www.finquescastella.com\/es\/wp-json\/wp\/v2\/users\/6"}],"replies":[{"embeddable":true,"href":"https:\/\/www.finquescastella.com\/es\/wp-json\/wp\/v2\/comments?post=16379"}],"version-history":[{"count":16,"href":"https:\/\/www.finquescastella.com\/es\/wp-json\/wp\/v2\/pages\/16379\/revisions"}],"predecessor-version":[{"id":16400,"href":"https:\/\/www.finquescastella.com\/es\/wp-json\/wp\/v2\/pages\/16379\/revisions\/16400"}],"wp:attachment":[{"href":"https:\/\/www.finquescastella.com\/es\/wp-json\/wp\/v2\/media?parent=16379"}],"curies":[{"name":"wp","href":"https:\/\/api.w.org\/{rel}","templated":true}]}}